{"id":479,"date":"2016-01-15T15:25:36","date_gmt":"2016-01-15T14:25:36","guid":{"rendered":"http:\/\/therapeutic-impact.org\/?page_id=479"},"modified":"2016-01-15T15:25:36","modified_gmt":"2016-01-15T14:25:36","slug":"donate","status":"publish","type":"page","link":"https:\/\/therapeutic-impact.org\/?page_id=479","title":{"rendered":"Donate"},"content":{"rendered":"<h2>Pourquoi donner ?<\/h2>\n<p>Aujourd&rsquo;hui la recherche est termin\u00e9e. <strong>Une solution existe contre le cancer<\/strong> mais elle n&rsquo;est pas d\u00e9velopp\u00e9e par manque de fonds.<br \/>\n<strong>Seules nos souris profitent de ce traitement avec succ\u00e8s<\/strong>.<\/p>\n<p>Pour franchir la derni\u00e8re \u00e9tape avant les essais sur l&rsquo;homme, <strong>nous avons besoin de 550 000 euros<\/strong>.<\/p>\n<p>Beaucoup d&rsquo;associations donnent pour la recherche contre le cancer mais pas pour le d\u00e9veloppement des concepts existants (\u00e9tape permettant de passer de la recherche fondamentale aux applications th\u00e9rapeutiques).<\/p>\n<p>Notre association propose de <strong>r\u00e9colter les fonds n\u00e9cessaires au d\u00e9veloppement de ce concept innovant et efficace contre le cancer<\/strong> pour qu&rsquo;il puisse avoir son application chez l&rsquo;homme le plus rapidement possible.<\/p>\n<h2 style=\"text-align: left;\">Faire un don<\/h2>\n<p>Vous pouvez faire un don directement ci-dessous, ou en acc\u00e9dant \u00e0 notre page : <a href=\"http:\/\/don.therapeutic-impact.org\/#donate\">http:\/\/don.therapeutic-impact.org\/#donate<\/a><\/p>\n<p style=\"text-align: left;\"><iframe loading=\"lazy\" src=\"http:\/\/don.therapeutic-impact.org\/form#donate\" width=\"100%\" height=\"600\"><\/iframe><\/p>\n<p style=\"text-align: center;\"><strong>Sachez que chaque euro r\u00e9colt\u00e9 servira exclusivement \u00e0 r\u00e9gler le co\u00fbt des essais pr\u00e9cliniques, sans interm\u00e9diaire.<\/strong><\/p>\n<p style=\"text-align: center;\">Nous vous remercions par avance pour votre soutien.<strong><br \/>\n<\/strong><\/p>\n","protected":false},"excerpt":{"rendered":"<p>Pourquoi donner ? Aujourd&rsquo;hui la recherche est termin\u00e9e. Une solution existe contre le cancer mais elle n&rsquo;est pas d\u00e9velopp\u00e9e par [&hellip;]<\/p>\n","protected":false},"author":1,"featured_media":0,"parent":0,"menu_order":18,"comment_status":"closed","ping_status":"closed","template":"page-fullwidth.php","meta":{"_acf_changed":false,"_exactmetrics_skip_tracking":false,"_exactmetrics_sitenote_active":false,"_exactmetrics_sitenote_note":"","_exactmetrics_sitenote_category":0,"footnotes":""},"class_list":["post-479","page","type-page","status-publish","hentry"],"acf":[],"yoast_head":"<!-- This site is optimized with the Yoast SEO plugin v26.8 - https:\/\/yoast.com\/product\/yoast-seo-wordpress\/ -->\n<title>Donate - Therapeutic Impact<\/title>\n<meta name=\"robots\" content=\"index, follow, max-snippet:-1, max-image-preview:large, max-video-preview:-1\" \/>\n<link rel=\"canonical\" href=\"https:\/\/therapeutic-impact.org\/?page_id=479\" \/>\n<meta property=\"og:locale\" content=\"fr_FR\" \/>\n<meta property=\"og:type\" content=\"article\" \/>\n<meta property=\"og:title\" content=\"Donate - Therapeutic Impact\" \/>\n<meta property=\"og:description\" content=\"Pourquoi donner ? Aujourd&rsquo;hui la recherche est termin\u00e9e. Une solution existe contre le cancer mais elle n&rsquo;est pas d\u00e9velopp\u00e9e par [&hellip;]\" \/>\n<meta property=\"og:url\" content=\"https:\/\/therapeutic-impact.org\/?page_id=479\" \/>\n<meta property=\"og:site_name\" content=\"Therapeutic Impact\" \/>\n<meta property=\"article:publisher\" content=\"https:\/\/www.facebook.com\/Therapeutic.IMPACT\/?fref=ts\" \/>\n<meta property=\"og:image\" content=\"https:\/\/therapeutic-impact.org\/wp-content\/uploads\/2016\/01\/logo-120.png\" \/>\n\t<meta property=\"og:image:width\" content=\"120\" \/>\n\t<meta property=\"og:image:height\" content=\"39\" \/>\n\t<meta property=\"og:image:type\" content=\"image\/png\" \/>\n<meta name=\"twitter:card\" content=\"summary_large_image\" \/>\n<meta name=\"twitter:site\" content=\"@Therap_IMPACT\" \/>\n<meta name=\"twitter:label1\" content=\"Dur\u00e9e de lecture estim\u00e9e\" \/>\n\t<meta name=\"twitter:data1\" content=\"1 minute\" \/>\n<script type=\"application\/ld+json\" class=\"yoast-schema-graph\">{\"@context\":\"https:\/\/schema.org\",\"@graph\":[{\"@type\":\"WebPage\",\"@id\":\"https:\/\/therapeutic-impact.org\/?page_id=479\",\"url\":\"https:\/\/therapeutic-impact.org\/?page_id=479\",\"name\":\"Donate - Therapeutic Impact\",\"isPartOf\":{\"@id\":\"https:\/\/therapeutic-impact.org\/#website\"},\"datePublished\":\"2016-01-15T14:25:36+00:00\",\"breadcrumb\":{\"@id\":\"https:\/\/therapeutic-impact.org\/?page_id=479#breadcrumb\"},\"inLanguage\":\"fr-FR\",\"potentialAction\":[{\"@type\":\"ReadAction\",\"target\":[\"https:\/\/therapeutic-impact.org\/?page_id=479\"]}]},{\"@type\":\"BreadcrumbList\",\"@id\":\"https:\/\/therapeutic-impact.org\/?page_id=479#breadcrumb\",\"itemListElement\":[{\"@type\":\"ListItem\",\"position\":1,\"name\":\"Accueil\",\"item\":\"https:\/\/therapeutic-impact.org\/en\/\"},{\"@type\":\"ListItem\",\"position\":2,\"name\":\"Donate\"}]},{\"@type\":\"WebSite\",\"@id\":\"https:\/\/therapeutic-impact.org\/#website\",\"url\":\"https:\/\/therapeutic-impact.org\/\",\"name\":\"Therapeutic Impact\",\"description\":\"from basic research to medicinal applications\",\"publisher\":{\"@id\":\"https:\/\/therapeutic-impact.org\/#organization\"},\"potentialAction\":[{\"@type\":\"SearchAction\",\"target\":{\"@type\":\"EntryPoint\",\"urlTemplate\":\"https:\/\/therapeutic-impact.org\/?s={search_term_string}\"},\"query-input\":{\"@type\":\"PropertyValueSpecification\",\"valueRequired\":true,\"valueName\":\"search_term_string\"}}],\"inLanguage\":\"fr-FR\"},{\"@type\":\"Organization\",\"@id\":\"https:\/\/therapeutic-impact.org\/#organization\",\"name\":\"Therapeutic Impact\",\"url\":\"https:\/\/therapeutic-impact.org\/\",\"logo\":{\"@type\":\"ImageObject\",\"inLanguage\":\"fr-FR\",\"@id\":\"https:\/\/therapeutic-impact.org\/#\/schema\/logo\/image\/\",\"url\":\"https:\/\/therapeutic-impact.org\/wp-content\/uploads\/2016\/01\/logo-120.png\",\"contentUrl\":\"https:\/\/therapeutic-impact.org\/wp-content\/uploads\/2016\/01\/logo-120.png\",\"width\":120,\"height\":39,\"caption\":\"Therapeutic Impact\"},\"image\":{\"@id\":\"https:\/\/therapeutic-impact.org\/#\/schema\/logo\/image\/\"},\"sameAs\":[\"https:\/\/www.facebook.com\/Therapeutic.IMPACT\/?fref=ts\",\"https:\/\/x.com\/Therap_IMPACT\",\"https:\/\/www.youtube.com\/channel\/UCBkbC8oHkDOTKqNHFKbTUMQ\"]}]}<\/script>\n<!-- \/ Yoast SEO plugin. -->","yoast_head_json":{"title":"Donate - Therapeutic Impact","robots":{"index":"index","follow":"follow","max-snippet":"max-snippet:-1","max-image-preview":"max-image-preview:large","max-video-preview":"max-video-preview:-1"},"canonical":"https:\/\/therapeutic-impact.org\/?page_id=479","og_locale":"fr_FR","og_type":"article","og_title":"Donate - Therapeutic Impact","og_description":"Pourquoi donner ? Aujourd&rsquo;hui la recherche est termin\u00e9e. Une solution existe contre le cancer mais elle n&rsquo;est pas d\u00e9velopp\u00e9e par [&hellip;]","og_url":"https:\/\/therapeutic-impact.org\/?page_id=479","og_site_name":"Therapeutic Impact","article_publisher":"https:\/\/www.facebook.com\/Therapeutic.IMPACT\/?fref=ts","og_image":[{"width":120,"height":39,"url":"https:\/\/therapeutic-impact.org\/wp-content\/uploads\/2016\/01\/logo-120.png","type":"image\/png"}],"twitter_card":"summary_large_image","twitter_site":"@Therap_IMPACT","twitter_misc":{"Dur\u00e9e de lecture estim\u00e9e":"1 minute"},"schema":{"@context":"https:\/\/schema.org","@graph":[{"@type":"WebPage","@id":"https:\/\/therapeutic-impact.org\/?page_id=479","url":"https:\/\/therapeutic-impact.org\/?page_id=479","name":"Donate - Therapeutic Impact","isPartOf":{"@id":"https:\/\/therapeutic-impact.org\/#website"},"datePublished":"2016-01-15T14:25:36+00:00","breadcrumb":{"@id":"https:\/\/therapeutic-impact.org\/?page_id=479#breadcrumb"},"inLanguage":"fr-FR","potentialAction":[{"@type":"ReadAction","target":["https:\/\/therapeutic-impact.org\/?page_id=479"]}]},{"@type":"BreadcrumbList","@id":"https:\/\/therapeutic-impact.org\/?page_id=479#breadcrumb","itemListElement":[{"@type":"ListItem","position":1,"name":"Accueil","item":"https:\/\/therapeutic-impact.org\/en\/"},{"@type":"ListItem","position":2,"name":"Donate"}]},{"@type":"WebSite","@id":"https:\/\/therapeutic-impact.org\/#website","url":"https:\/\/therapeutic-impact.org\/","name":"Therapeutic Impact","description":"from basic research to medicinal applications","publisher":{"@id":"https:\/\/therapeutic-impact.org\/#organization"},"potentialAction":[{"@type":"SearchAction","target":{"@type":"EntryPoint","urlTemplate":"https:\/\/therapeutic-impact.org\/?s={search_term_string}"},"query-input":{"@type":"PropertyValueSpecification","valueRequired":true,"valueName":"search_term_string"}}],"inLanguage":"fr-FR"},{"@type":"Organization","@id":"https:\/\/therapeutic-impact.org\/#organization","name":"Therapeutic Impact","url":"https:\/\/therapeutic-impact.org\/","logo":{"@type":"ImageObject","inLanguage":"fr-FR","@id":"https:\/\/therapeutic-impact.org\/#\/schema\/logo\/image\/","url":"https:\/\/therapeutic-impact.org\/wp-content\/uploads\/2016\/01\/logo-120.png","contentUrl":"https:\/\/therapeutic-impact.org\/wp-content\/uploads\/2016\/01\/logo-120.png","width":120,"height":39,"caption":"Therapeutic Impact"},"image":{"@id":"https:\/\/therapeutic-impact.org\/#\/schema\/logo\/image\/"},"sameAs":["https:\/\/www.facebook.com\/Therapeutic.IMPACT\/?fref=ts","https:\/\/x.com\/Therap_IMPACT","https:\/\/www.youtube.com\/channel\/UCBkbC8oHkDOTKqNHFKbTUMQ"]}]}},"_links":{"self":[{"href":"https:\/\/therapeutic-impact.org\/index.php?rest_route=\/wp\/v2\/pages\/479","targetHints":{"allow":["GET"]}}],"collection":[{"href":"https:\/\/therapeutic-impact.org\/index.php?rest_route=\/wp\/v2\/pages"}],"about":[{"href":"https:\/\/therapeutic-impact.org\/index.php?rest_route=\/wp\/v2\/types\/page"}],"author":[{"embeddable":true,"href":"https:\/\/therapeutic-impact.org\/index.php?rest_route=\/wp\/v2\/users\/1"}],"replies":[{"embeddable":true,"href":"https:\/\/therapeutic-impact.org\/index.php?rest_route=%2Fwp%2Fv2%2Fcomments&post=479"}],"version-history":[{"count":1,"href":"https:\/\/therapeutic-impact.org\/index.php?rest_route=\/wp\/v2\/pages\/479\/revisions"}],"predecessor-version":[{"id":480,"href":"https:\/\/therapeutic-impact.org\/index.php?rest_route=\/wp\/v2\/pages\/479\/revisions\/480"}],"wp:attachment":[{"href":"https:\/\/therapeutic-impact.org\/index.php?rest_route=%2Fwp%2Fv2%2Fmedia&parent=479"}],"curies":[{"name":"wp","href":"https:\/\/api.w.org\/{rel}","templated":true}]}}