{"id":599,"date":"2016-02-26T22:23:29","date_gmt":"2016-02-26T21:23:29","guid":{"rendered":"http:\/\/therapeutic-impact.org\/?page_id=599"},"modified":"2016-08-23T14:16:12","modified_gmt":"2016-08-23T13:16:12","slug":"faire-un-don","status":"publish","type":"page","link":"https:\/\/therapeutic-impact.org\/?page_id=599","title":{"rendered":"Faire un Don"},"content":{"rendered":"<h2 style=\"text-align: center;\">Pourquoi donner pour l&rsquo;Association ?<\/h2>\n<p style=\"text-align: center;\"><strong>R\u00e9ponse du Professeur Papot :<\/strong> \u00ab\u00a0<strong>Aujourd&rsquo;hui la recherche est termin\u00e9e.<\/strong> Une solution existe contre le cancer mais elle n&rsquo;est pas d\u00e9velopp\u00e9e par manque de fonds.<\/p>\n<p>Seules nos souris profitent de ce traitement avec succ\u00e8s. Pour franchir la derni\u00e8re \u00e9tape avant les essais sur l&rsquo;homme, <strong>nous avons besoin de 550 000 euros<\/strong>. Beaucoup d&rsquo;associations donnent pour la recherche contre le cancer mais pas pour le d\u00e9veloppement des concepts existants (\u00e9tape permettant de passer de la recherche fondamentale aux applications th\u00e9rapeutiques).\u00a0\u00bb<\/p>\n<p>Notre association propose d&rsquo;aider financi\u00e8rement l&rsquo;\u00e9quipe du Professeur Papot de la recherche fondamentale au d\u00e9veloppement de ses innovations th\u00e9rapeutiques, afin de voir de nouvelles th\u00e9rapies anticanc\u00e9reuses efficaces chez l&rsquo;homme le plus rapidement possible&#8230;<\/p>\n<h2 style=\"text-align: center;\">Faire un e-don<\/h2>\n<p style=\"text-align: center;\">Vous pouvez faire un don directement ci-dessous :<\/p>\n<table>\n<tbody>\n<tr>\n<td><iframe loading=\"lazy\" src=\"https:\/\/www.youtube.com\/embed\/j1CDYzy9Nko?autoplay=1\" width=\"560\" height=\"315\" frameborder=\"0\" allowfullscreen=\"allowfullscreen\"><\/iframe><\/td>\n<td style=\"width: 50%;\"><iframe loading=\"lazy\" id=\"haWidget\" style=\"width: 510px; height: 315px; border: none;\" src=\"\/\/www.helloasso.com\/widgets\/don.aspx?beneficiaire=therapeutic-impact&amp;collecteur=developper-un-traitement-innovant-et-efficace-contre-le-cancer&amp;type=ASSO&amp;color=%23298db2\" width=\"300\" height=\"150\"><\/iframe><\/td>\n<\/tr>\n<\/tbody>\n<\/table>\n<h2 style=\"text-align: center;\">Donner par ch\u00e8que<\/h2>\n<p style=\"text-align: center;\">Envoyez votre ch\u00e8que \u00e0 l&rsquo;ordre :<br \/>\nAssociation Therapeutic IMPACT \u00e0 l&rsquo;adresse de notre si\u00e8ge social :<br \/>\n9 rue des peupliers<br \/>\n86100 Antran<\/p>\n<p>Si vous souhaitez afficher un petit message sur la page donateurs, joignez-le nous \u00e0 votre ch\u00e8que ainsi que votre adresse mail si vous en avez une ou envoyez-le via le formulaire de contact. Nous nous chargerons de sa diffusion.<\/p>\n<p style=\"text-align: center;\"><strong>Sachez que chaque euro r\u00e9colt\u00e9 servira exclusivement au but mentionn\u00e9 dans l&rsquo;article 2 de nos statuts. En ce moment la priorit\u00e9 est donn\u00e9e au financement des essais pr\u00e9cliniques de cette nouvelle mol\u00e9cule tr\u00e8s prometteuse. Cette \u00e9tape du d\u00e9veloppement d&rsquo;un m\u00e9dicament est la derni\u00e8re avant les premiers essais sur l&rsquo;Homme.<br \/>\n<\/strong><\/p>\n<p style=\"text-align: center;\">Nous vous remercions par avance pour votre soutien.<\/p>\n<p style=\"text-align: center;\">Pour plus d&rsquo;informations, vous pouvez nous contacter au <strong>06 67 68 23 63<\/strong> ou au <strong>05 45 95 49 01<br \/>\n<\/strong><\/p>\n","protected":false},"excerpt":{"rendered":"<p>Pourquoi donner pour l&rsquo;Association ? R\u00e9ponse du Professeur Papot : \u00ab\u00a0Aujourd&rsquo;hui la recherche est termin\u00e9e. Une solution existe contre le [&hellip;]<\/p>\n","protected":false},"author":2,"featured_media":0,"parent":0,"menu_order":6,"comment_status":"closed","ping_status":"closed","template":"page-fullwidth.php","meta":{"_acf_changed":false,"_exactmetrics_skip_tracking":false,"_exactmetrics_sitenote_active":false,"_exactmetrics_sitenote_note":"","_exactmetrics_sitenote_category":0,"footnotes":""},"class_list":["post-599","page","type-page","status-publish","hentry"],"acf":[],"yoast_head":"<!-- This site is optimized with the Yoast SEO plugin v26.8 - https:\/\/yoast.com\/product\/yoast-seo-wordpress\/ -->\n<title>Faire un Don - Therapeutic Impact<\/title>\n<meta name=\"description\" content=\"Faire un Don, une solution existe contre le cancer mais elle n&#039;est pas d\u00e9velopp\u00e9e par manque de fonds. Aujourd&#039;hui, seules nos souris peuvent gu\u00e9rir...\" \/>\n<meta name=\"robots\" content=\"index, follow, max-snippet:-1, max-image-preview:large, max-video-preview:-1\" \/>\n<link rel=\"canonical\" href=\"https:\/\/therapeutic-impact.org\/?page_id=599\" \/>\n<meta property=\"og:locale\" content=\"fr_FR\" \/>\n<meta property=\"og:type\" content=\"article\" \/>\n<meta property=\"og:title\" content=\"Faire un Don - Therapeutic Impact\" \/>\n<meta property=\"og:description\" content=\"Faire un Don, une solution existe contre le cancer mais elle n&#039;est pas d\u00e9velopp\u00e9e par manque de fonds. Aujourd&#039;hui, seules nos souris peuvent gu\u00e9rir...\" \/>\n<meta property=\"og:url\" content=\"https:\/\/therapeutic-impact.org\/?page_id=599\" \/>\n<meta property=\"og:site_name\" content=\"Therapeutic Impact\" \/>\n<meta property=\"article:publisher\" content=\"https:\/\/www.facebook.com\/Therapeutic.IMPACT\/?fref=ts\" \/>\n<meta property=\"article:modified_time\" content=\"2016-08-23T13:16:12+00:00\" \/>\n<meta property=\"og:image\" content=\"https:\/\/therapeutic-impact.org\/wp-content\/uploads\/2016\/01\/logo-120.png\" \/>\n\t<meta property=\"og:image:width\" content=\"120\" \/>\n\t<meta property=\"og:image:height\" content=\"39\" \/>\n\t<meta property=\"og:image:type\" content=\"image\/png\" \/>\n<meta name=\"twitter:card\" content=\"summary_large_image\" \/>\n<meta name=\"twitter:site\" content=\"@Therap_IMPACT\" \/>\n<meta name=\"twitter:label1\" content=\"Dur\u00e9e de lecture estim\u00e9e\" \/>\n\t<meta name=\"twitter:data1\" content=\"1 minute\" \/>\n<script type=\"application\/ld+json\" class=\"yoast-schema-graph\">{\"@context\":\"https:\/\/schema.org\",\"@graph\":[{\"@type\":\"WebPage\",\"@id\":\"https:\/\/therapeutic-impact.org\/?page_id=599\",\"url\":\"https:\/\/therapeutic-impact.org\/?page_id=599\",\"name\":\"Faire un Don - Therapeutic Impact\",\"isPartOf\":{\"@id\":\"https:\/\/therapeutic-impact.org\/#website\"},\"datePublished\":\"2016-02-26T21:23:29+00:00\",\"dateModified\":\"2016-08-23T13:16:12+00:00\",\"description\":\"Faire un Don, une solution existe contre le cancer mais elle n'est pas d\u00e9velopp\u00e9e par manque de fonds. Aujourd'hui, seules nos souris peuvent gu\u00e9rir...\",\"breadcrumb\":{\"@id\":\"https:\/\/therapeutic-impact.org\/?page_id=599#breadcrumb\"},\"inLanguage\":\"fr-FR\",\"potentialAction\":[{\"@type\":\"ReadAction\",\"target\":[\"https:\/\/therapeutic-impact.org\/?page_id=599\"]}]},{\"@type\":\"BreadcrumbList\",\"@id\":\"https:\/\/therapeutic-impact.org\/?page_id=599#breadcrumb\",\"itemListElement\":[{\"@type\":\"ListItem\",\"position\":1,\"name\":\"Accueil\",\"item\":\"https:\/\/therapeutic-impact.org\/en\/\"},{\"@type\":\"ListItem\",\"position\":2,\"name\":\"Faire un Don\"}]},{\"@type\":\"WebSite\",\"@id\":\"https:\/\/therapeutic-impact.org\/#website\",\"url\":\"https:\/\/therapeutic-impact.org\/\",\"name\":\"Therapeutic Impact\",\"description\":\"from basic research to medicinal applications\",\"publisher\":{\"@id\":\"https:\/\/therapeutic-impact.org\/#organization\"},\"potentialAction\":[{\"@type\":\"SearchAction\",\"target\":{\"@type\":\"EntryPoint\",\"urlTemplate\":\"https:\/\/therapeutic-impact.org\/?s={search_term_string}\"},\"query-input\":{\"@type\":\"PropertyValueSpecification\",\"valueRequired\":true,\"valueName\":\"search_term_string\"}}],\"inLanguage\":\"fr-FR\"},{\"@type\":\"Organization\",\"@id\":\"https:\/\/therapeutic-impact.org\/#organization\",\"name\":\"Therapeutic Impact\",\"url\":\"https:\/\/therapeutic-impact.org\/\",\"logo\":{\"@type\":\"ImageObject\",\"inLanguage\":\"fr-FR\",\"@id\":\"https:\/\/therapeutic-impact.org\/#\/schema\/logo\/image\/\",\"url\":\"https:\/\/therapeutic-impact.org\/wp-content\/uploads\/2016\/01\/logo-120.png\",\"contentUrl\":\"https:\/\/therapeutic-impact.org\/wp-content\/uploads\/2016\/01\/logo-120.png\",\"width\":120,\"height\":39,\"caption\":\"Therapeutic Impact\"},\"image\":{\"@id\":\"https:\/\/therapeutic-impact.org\/#\/schema\/logo\/image\/\"},\"sameAs\":[\"https:\/\/www.facebook.com\/Therapeutic.IMPACT\/?fref=ts\",\"https:\/\/x.com\/Therap_IMPACT\",\"https:\/\/www.youtube.com\/channel\/UCBkbC8oHkDOTKqNHFKbTUMQ\"]}]}<\/script>\n<!-- \/ Yoast SEO plugin. -->","yoast_head_json":{"title":"Faire un Don - Therapeutic Impact","description":"Faire un Don, une solution existe contre le cancer mais elle n'est pas d\u00e9velopp\u00e9e par manque de fonds. Aujourd'hui, seules nos souris peuvent gu\u00e9rir...","robots":{"index":"index","follow":"follow","max-snippet":"max-snippet:-1","max-image-preview":"max-image-preview:large","max-video-preview":"max-video-preview:-1"},"canonical":"https:\/\/therapeutic-impact.org\/?page_id=599","og_locale":"fr_FR","og_type":"article","og_title":"Faire un Don - Therapeutic Impact","og_description":"Faire un Don, une solution existe contre le cancer mais elle n'est pas d\u00e9velopp\u00e9e par manque de fonds. Aujourd'hui, seules nos souris peuvent gu\u00e9rir...","og_url":"https:\/\/therapeutic-impact.org\/?page_id=599","og_site_name":"Therapeutic Impact","article_publisher":"https:\/\/www.facebook.com\/Therapeutic.IMPACT\/?fref=ts","article_modified_time":"2016-08-23T13:16:12+00:00","og_image":[{"width":120,"height":39,"url":"https:\/\/therapeutic-impact.org\/wp-content\/uploads\/2016\/01\/logo-120.png","type":"image\/png"}],"twitter_card":"summary_large_image","twitter_site":"@Therap_IMPACT","twitter_misc":{"Dur\u00e9e de lecture estim\u00e9e":"1 minute"},"schema":{"@context":"https:\/\/schema.org","@graph":[{"@type":"WebPage","@id":"https:\/\/therapeutic-impact.org\/?page_id=599","url":"https:\/\/therapeutic-impact.org\/?page_id=599","name":"Faire un Don - Therapeutic Impact","isPartOf":{"@id":"https:\/\/therapeutic-impact.org\/#website"},"datePublished":"2016-02-26T21:23:29+00:00","dateModified":"2016-08-23T13:16:12+00:00","description":"Faire un Don, une solution existe contre le cancer mais elle n'est pas d\u00e9velopp\u00e9e par manque de fonds. Aujourd'hui, seules nos souris peuvent gu\u00e9rir...","breadcrumb":{"@id":"https:\/\/therapeutic-impact.org\/?page_id=599#breadcrumb"},"inLanguage":"fr-FR","potentialAction":[{"@type":"ReadAction","target":["https:\/\/therapeutic-impact.org\/?page_id=599"]}]},{"@type":"BreadcrumbList","@id":"https:\/\/therapeutic-impact.org\/?page_id=599#breadcrumb","itemListElement":[{"@type":"ListItem","position":1,"name":"Accueil","item":"https:\/\/therapeutic-impact.org\/en\/"},{"@type":"ListItem","position":2,"name":"Faire un Don"}]},{"@type":"WebSite","@id":"https:\/\/therapeutic-impact.org\/#website","url":"https:\/\/therapeutic-impact.org\/","name":"Therapeutic Impact","description":"from basic research to medicinal applications","publisher":{"@id":"https:\/\/therapeutic-impact.org\/#organization"},"potentialAction":[{"@type":"SearchAction","target":{"@type":"EntryPoint","urlTemplate":"https:\/\/therapeutic-impact.org\/?s={search_term_string}"},"query-input":{"@type":"PropertyValueSpecification","valueRequired":true,"valueName":"search_term_string"}}],"inLanguage":"fr-FR"},{"@type":"Organization","@id":"https:\/\/therapeutic-impact.org\/#organization","name":"Therapeutic Impact","url":"https:\/\/therapeutic-impact.org\/","logo":{"@type":"ImageObject","inLanguage":"fr-FR","@id":"https:\/\/therapeutic-impact.org\/#\/schema\/logo\/image\/","url":"https:\/\/therapeutic-impact.org\/wp-content\/uploads\/2016\/01\/logo-120.png","contentUrl":"https:\/\/therapeutic-impact.org\/wp-content\/uploads\/2016\/01\/logo-120.png","width":120,"height":39,"caption":"Therapeutic Impact"},"image":{"@id":"https:\/\/therapeutic-impact.org\/#\/schema\/logo\/image\/"},"sameAs":["https:\/\/www.facebook.com\/Therapeutic.IMPACT\/?fref=ts","https:\/\/x.com\/Therap_IMPACT","https:\/\/www.youtube.com\/channel\/UCBkbC8oHkDOTKqNHFKbTUMQ"]}]}},"_links":{"self":[{"href":"https:\/\/therapeutic-impact.org\/index.php?rest_route=\/wp\/v2\/pages\/599","targetHints":{"allow":["GET"]}}],"collection":[{"href":"https:\/\/therapeutic-impact.org\/index.php?rest_route=\/wp\/v2\/pages"}],"about":[{"href":"https:\/\/therapeutic-impact.org\/index.php?rest_route=\/wp\/v2\/types\/page"}],"author":[{"embeddable":true,"href":"https:\/\/therapeutic-impact.org\/index.php?rest_route=\/wp\/v2\/users\/2"}],"replies":[{"embeddable":true,"href":"https:\/\/therapeutic-impact.org\/index.php?rest_route=%2Fwp%2Fv2%2Fcomments&post=599"}],"version-history":[{"count":24,"href":"https:\/\/therapeutic-impact.org\/index.php?rest_route=\/wp\/v2\/pages\/599\/revisions"}],"predecessor-version":[{"id":686,"href":"https:\/\/therapeutic-impact.org\/index.php?rest_route=\/wp\/v2\/pages\/599\/revisions\/686"}],"wp:attachment":[{"href":"https:\/\/therapeutic-impact.org\/index.php?rest_route=%2Fwp%2Fv2%2Fmedia&parent=599"}],"curies":[{"name":"wp","href":"https:\/\/api.w.org\/{rel}","templated":true}]}}